{"id":71,"date":"2017-07-12T05:53:59","date_gmt":"2017-07-12T05:53:59","guid":{"rendered":"https:\/\/khantech.com.tr\/?page_id=71"},"modified":"2021-12-07T22:05:59","modified_gmt":"2021-12-07T22:05:59","slug":"about","status":"publish","type":"page","link":"https:\/\/www.khantech.com.tr\/?page_id=71","title":{"rendered":"About"},"content":{"rendered":"<h1>About Us<\/h1>\n<p>We are with you in your company&#8217;s industry 4.0 adaptation with our expert team and professional solutions.<\/p>\n<p>\t\t\t\t\t\t\t\t\t\t\t\t\t\t\t<img decoding=\"async\" src=\"https:\/\/www.khantech.com.tr\/wp-content\/uploads\/elementor\/thumbs\/khantech-logo-SON-HALI-PNG-CEVRILMIS-ph6m2sx6tc2a79eap5dte5y6e0bhuhpdxxmntjcnew.png\" title=\"khantech logo SON HAL\u0130 PNG \u00c7EVR\u0130LM\u0130\u015e\" alt=\"khantech logo SON HAL\u0130 PNG \u00c7EVR\u0130LM\u0130\u015e\" \/>\t\t\t\t\t\t\t\t\t\t\t\t\t\t\t<\/p>\n<h2>Who We Are ?<\/h2>\n<p>In a competitive world, we help our clients in their journey of Industry 4.0 to be more innovative and productive.\u200b\u200b<\/p>\n<p>\u200bAs being Consultancy &amp; Service Integrator of Dassault Systemes we are making E2E Platform Setup, Upgrade and optimizing Business Workflow Process.<\/p>\n<p>As being Solution Partner of CA we are helping our clients to process their data in more secure way.<\/p>\n<ul>\n<li>\n\t\t\t\t\t\t\t\t\t\tPLM Consultancy Services\n\t\t\t\t\t\t\t\t\t<\/li>\n<li>\n\t\t\t\t\t\t\t\t\t\tIT Security Consultancy Services\n\t\t\t\t\t\t\t\t\t<\/li>\n<li>\n\t\t\t\t\t\t\t\t\t\tIT Infrastructure Consultancy Services\n\t\t\t\t\t\t\t\t\t<\/li>\n<\/ul>\n<h2>Get stronger in Industry 4.0!<\/h2>\n<p>Please contact us to get information about our professional solutions.<\/p>\n<p>\t\t\t<a href=\"#\" role=\"button\"><br \/>\n\t\t\t\t\t\tCLICK HERE<br \/>\n\t\t\t\t\t<\/a><\/p>\n<h2>Our Team<\/h2>\n<p>We are with you in your industry 4.0 journey with our expert management and technical staff.<\/p>\n<p>\t\t\t\t\t\t\t\t\t\t\t\t\t\t\t<img decoding=\"async\" width=\"2378\" height=\"2560\" src=\"https:\/\/www.khantech.com.tr\/wp-content\/uploads\/2021\/10\/business-scaled.jpg\" alt=\"\" loading=\"lazy\" srcset=\"https:\/\/www.khantech.com.tr\/wp-content\/uploads\/2021\/10\/business-scaled.jpg 2378w, https:\/\/www.khantech.com.tr\/wp-content\/uploads\/2021\/10\/business-279x300.jpg 279w, https:\/\/www.khantech.com.tr\/wp-content\/uploads\/2021\/10\/business-951x1024.jpg 951w, https:\/\/www.khantech.com.tr\/wp-content\/uploads\/2021\/10\/business-768x827.jpg 768w, https:\/\/www.khantech.com.tr\/wp-content\/uploads\/2021\/10\/business-1427x1536.jpg 1427w, https:\/\/www.khantech.com.tr\/wp-content\/uploads\/2021\/10\/business-1902x2048.jpg 1902w\" sizes=\"(max-width: 2378px) 100vw, 2378px\" \/>\t\t\t\t\t\t\t\t\t\t\t\t\t\t\t<\/p>\n<h4>A.Ertu\u011frul Akf\u0131rat<\/h4>\n<p>General Manager<\/p>\n<p>\t\t\t\t\t<a target=\"_blank\" rel=\"noopener\"><br \/>\n\t\t\t\t\t\tFacebook<br \/>\n\t\t\t\t\t\t\t\t\t\t\t<\/a><br \/>\n\t\t\t\t\t<a target=\"_blank\" rel=\"noopener\"><br \/>\n\t\t\t\t\t\tTwitter<br \/>\n\t\t\t\t\t\t\t\t\t\t\t<\/a><br \/>\n\t\t\t\t\t<a target=\"_blank\" rel=\"noopener\"><br \/>\n\t\t\t\t\t\tLinkedin<br \/>\n\t\t\t\t\t\t\t\t\t\t\t<\/a><br \/>\n\t\t\t\t\t\t\t\t\t\t\t\t\t\t\t<img decoding=\"async\" width=\"2378\" height=\"2560\" src=\"https:\/\/www.khantech.com.tr\/wp-content\/uploads\/2021\/10\/business-scaled.jpg\" alt=\"\" loading=\"lazy\" srcset=\"https:\/\/www.khantech.com.tr\/wp-content\/uploads\/2021\/10\/business-scaled.jpg 2378w, https:\/\/www.khantech.com.tr\/wp-content\/uploads\/2021\/10\/business-279x300.jpg 279w, https:\/\/www.khantech.com.tr\/wp-content\/uploads\/2021\/10\/business-951x1024.jpg 951w, https:\/\/www.khantech.com.tr\/wp-content\/uploads\/2021\/10\/business-768x827.jpg 768w, https:\/\/www.khantech.com.tr\/wp-content\/uploads\/2021\/10\/business-1427x1536.jpg 1427w, https:\/\/www.khantech.com.tr\/wp-content\/uploads\/2021\/10\/business-1902x2048.jpg 1902w\" sizes=\"(max-width: 2378px) 100vw, 2378px\" \/>\t\t\t\t\t\t\t\t\t\t\t\t\t\t\t<\/p>\n<h4>Cumhur \u00d6mero\u011flu<\/h4>\n<p>Project Leader<\/p>\n<p>\t\t\t\t\t<a target=\"_blank\" rel=\"noopener\"><br \/>\n\t\t\t\t\t\tFacebook<br \/>\n\t\t\t\t\t\t\t\t\t\t\t<\/a><br \/>\n\t\t\t\t\t<a target=\"_blank\" rel=\"noopener\"><br \/>\n\t\t\t\t\t\tTwitter<br \/>\n\t\t\t\t\t\t\t\t\t\t\t<\/a><br \/>\n\t\t\t\t\t<a target=\"_blank\" rel=\"noopener\"><br \/>\n\t\t\t\t\t\tLinkedin<br \/>\n\t\t\t\t\t\t\t\t\t\t\t<\/a><br \/>\n\t\t\t\t\t\t\t\t\t\t\t\t\t\t\t<img decoding=\"async\" width=\"2378\" height=\"2560\" src=\"https:\/\/www.khantech.com.tr\/wp-content\/uploads\/2021\/10\/business-scaled.jpg\" alt=\"\" loading=\"lazy\" srcset=\"https:\/\/www.khantech.com.tr\/wp-content\/uploads\/2021\/10\/business-scaled.jpg 2378w, https:\/\/www.khantech.com.tr\/wp-content\/uploads\/2021\/10\/business-279x300.jpg 279w, https:\/\/www.khantech.com.tr\/wp-content\/uploads\/2021\/10\/business-951x1024.jpg 951w, https:\/\/www.khantech.com.tr\/wp-content\/uploads\/2021\/10\/business-768x827.jpg 768w, https:\/\/www.khantech.com.tr\/wp-content\/uploads\/2021\/10\/business-1427x1536.jpg 1427w, https:\/\/www.khantech.com.tr\/wp-content\/uploads\/2021\/10\/business-1902x2048.jpg 1902w\" sizes=\"(max-width: 2378px) 100vw, 2378px\" \/>\t\t\t\t\t\t\t\t\t\t\t\t\t\t\t<\/p>\n<h4>lorem Ipsum<\/h4>\n<p>Creative Director<\/p>\n<p>\t\t\t\t\t<a target=\"_blank\" rel=\"noopener\"><br \/>\n\t\t\t\t\t\tFacebook<br \/>\n\t\t\t\t\t\t\t\t\t\t\t<\/a><br \/>\n\t\t\t\t\t<a target=\"_blank\" rel=\"noopener\"><br \/>\n\t\t\t\t\t\tTwitter<br \/>\n\t\t\t\t\t\t\t\t\t\t\t<\/a><br \/>\n\t\t\t\t\t<a target=\"_blank\" rel=\"noopener\"><br \/>\n\t\t\t\t\t\tLinkedin<br \/>\n\t\t\t\t\t\t\t\t\t\t\t<\/a><\/p>\n","protected":false},"excerpt":{"rendered":"<p>About Us We are with you in your company&#8217;s industry 4.0 adaptation with our expert team and professional solutions. Who We Are ? In a competitive world, we help our clients in their journey of Industry 4.0 to be more innovative and productive.\u200b\u200b \u200bAs being Consultancy &amp; Service Integrator of Dassault Systemes we are making [&hellip;]<\/p>\n","protected":false},"author":3,"featured_media":0,"parent":0,"menu_order":0,"comment_status":"closed","ping_status":"closed","template":"elementor_header_footer","meta":{"site-sidebar-layout":"default","site-content-layout":"","ast-site-content-layout":"","site-content-style":"default","site-sidebar-style":"default","ast-global-header-display":"","ast-banner-title-visibility":"","ast-main-header-display":"","ast-hfb-above-header-display":"","ast-hfb-below-header-display":"","ast-hfb-mobile-header-display":"","site-post-title":"","ast-breadcrumbs-content":"","ast-featured-img":"","footer-sml-layout":"","theme-transparent-header-meta":"","adv-header-id-meta":"","stick-header-meta":"","header-above-stick-meta":"","header-main-stick-meta":"","header-below-stick-meta":"","astra-migrate-meta-layouts":"default","ast-page-background-enabled":"default","ast-page-background-meta":{"desktop":{"background-color":"","background-image":"","background-repeat":"repeat","background-position":"center center","background-size":"auto","background-attachment":"scroll","background-type":"","background-media":"","overlay-type":"","overlay-color":"","overlay-opacity":"","overlay-gradient":""},"tablet":{"background-color":"","background-image":"","background-repeat":"repeat","background-position":"center center","background-size":"auto","background-attachment":"scroll","background-type":"","background-media":"","overlay-type":"","overlay-color":"","overlay-opacity":"","overlay-gradient":""},"mobile":{"background-color":"","background-image":"","background-repeat":"repeat","background-position":"center center","background-size":"auto","background-attachment":"scroll","background-type":"","background-media":"","overlay-type":"","overlay-color":"","overlay-opacity":"","overlay-gradient":""}},"ast-content-background-meta":{"desktop":{"background-color":"var(--ast-global-color-5)","background-image":"","background-repeat":"repeat","background-position":"center center","background-size":"auto","background-attachment":"scroll","background-type":"","background-media":"","overlay-type":"","overlay-color":"","overlay-opacity":"","overlay-gradient":""},"tablet":{"background-color":"var(--ast-global-color-5)","background-image":"","background-repeat":"repeat","background-position":"center center","background-size":"auto","background-attachment":"scroll","background-type":"","background-media":"","overlay-type":"","overlay-color":"","overlay-opacity":"","overlay-gradient":""},"mobile":{"background-color":"var(--ast-global-color-5)","background-image":"","background-repeat":"repeat","background-position":"center center","background-size":"auto","background-attachment":"scroll","background-type":"","background-media":"","overlay-type":"","overlay-color":"","overlay-opacity":"","overlay-gradient":""}},"footnotes":""},"class_list":["post-71","page","type-page","status-publish","hentry"],"_links":{"self":[{"href":"https:\/\/www.khantech.com.tr\/index.php?rest_route=\/wp\/v2\/pages\/71"}],"collection":[{"href":"https:\/\/www.khantech.com.tr\/index.php?rest_route=\/wp\/v2\/pages"}],"about":[{"href":"https:\/\/www.khantech.com.tr\/index.php?rest_route=\/wp\/v2\/types\/page"}],"author":[{"embeddable":true,"href":"https:\/\/www.khantech.com.tr\/index.php?rest_route=\/wp\/v2\/users\/3"}],"replies":[{"embeddable":true,"href":"https:\/\/www.khantech.com.tr\/index.php?rest_route=%2Fwp%2Fv2%2Fcomments&post=71"}],"version-history":[{"count":37,"href":"https:\/\/www.khantech.com.tr\/index.php?rest_route=\/wp\/v2\/pages\/71\/revisions"}],"predecessor-version":[{"id":2589,"href":"https:\/\/www.khantech.com.tr\/index.php?rest_route=\/wp\/v2\/pages\/71\/revisions\/2589"}],"wp:attachment":[{"href":"https:\/\/www.khantech.com.tr\/index.php?rest_route=%2Fwp%2Fv2%2Fmedia&parent=71"}],"curies":[{"name":"wp","href":"https:\/\/api.w.org\/{rel}","templated":true}]}}